{"id":377,"date":"2020-08-03T19:58:37","date_gmt":"2020-08-03T19:58:37","guid":{"rendered":"https:\/\/dragonflycats.com\/?page_id=377"},"modified":"2025-09-19T14:34:22","modified_gmt":"2025-09-19T19:34:22","slug":"contactez-nous","status":"publish","type":"page","link":"https:\/\/dragonflycats.com\/fr\/contactez-nous\/","title":{"rendered":"Contactez-nous"},"content":{"rendered":"<p>[et_pb_section fb_built=\u00a0\u00bb1&Prime; admin_label=\u00a0\u00bbHeader\u00a0\u00bb _builder_version=\u00a0\u00bb4.16&Prime; use_background_color_gradient=\u00a0\u00bbon\u00a0\u00bb background_color_gradient_stops=\u00a0\u00bbrgba(0,0,0,0) 0%|#020000 57%\u00a0\u00bb background_color_gradient_overlays_image=\u00a0\u00bbon\u00a0\u00bb background_color_gradient_start=\u00a0\u00bbrgba(0,0,0,0)\u00a0\u00bb background_color_gradient_end=\u00a0\u00bb#020000&Prime; background_color_gradient_end_position=\u00a0\u00bb57%\u00a0\u00bb background_image=\u00a0\u00bbhttps:\/\/dragonflycats.com\/wp-content\/uploads\/2020\/08\/450417617-1-scaled.jpg\u00a0\u00bb z_index=\u00a0\u00bb1&Prime; custom_padding=\u00a0\u00bb||0px|||\u00a0\u00bb locked=\u00a0\u00bboff\u00a0\u00bb global_colors_info=\u00a0\u00bb{}\u00a0\u00bb][et_pb_row _builder_version=\u00a0\u00bb4.23.1&Prime; _module_preset=\u00a0\u00bbdefault\u00a0\u00bb custom_padding=\u00a0\u00bb21px|||||\u00a0\u00bb global_colors_info=\u00a0\u00bb{}\u00a0\u00bb][et_pb_column type=\u00a0\u00bb4_4&Prime; _builder_version=\u00a0\u00bb4.23.1&Prime; _module_preset=\u00a0\u00bbdefault\u00a0\u00bb border_width_all=\u00a0\u00bb3px\u00a0\u00bb border_color_all=\u00a0\u00bb#ffcf9a\u00a0\u00bb global_colors_info=\u00a0\u00bb{}\u00a0\u00bb][et_pb_text _builder_version=\u00a0\u00bb4.27.4&Prime; _module_preset=\u00a0\u00bbdefault\u00a0\u00bb hover_enabled=\u00a0\u00bb0&Prime; global_colors_info=\u00a0\u00bb{}\u00a0\u00bb sticky_enabled=\u00a0\u00bb0&Prime;]<\/p>\n<h1>Bienvenue sur Dragonfly Cats<\/h1>\n<p><span>Vous avez des questions sur l&rsquo;adoption d&rsquo;un chaton <a href=\"https:\/\/dragonflycats.com\/fr\/chaton-devon-rex-disponible\/\" target=\"_blank\" rel=\"noopener\"><span style=\"text-decoration: underline;\"><span style=\"color: #ff6600; text-decoration: underline;\">Devon Rex <\/span><\/span><\/a>ou encore d&rsquo;un chiot <a href=\"https:\/\/dragonflycats.com\/fr\/chiots-griffon-bruxellois-disponible\/\" target=\"_blank\" rel=\"noopener\"><span style=\"text-decoration: underline;\"><span style=\"color: #ff6600; text-decoration: underline;\">Griffon Bruxellois<\/span><\/span><\/a>? Contactez-nous!<\/span><\/p>\n<p>Il nous fait plaisir de vous aider \u00e0 obtenir toutes les informations n\u00e9cessaires \u00e0 l&rsquo;adoption ainsi qu&rsquo;au bien-\u00eatre de votre f\u00e9lin ou canin!.<\/p>\n<p>Avez-vous des questions, des pr\u00e9occupations ou des commentaires \u00e0 partager ? Notre \u00e9quipe exp\u00e9riment\u00e9e est l\u00e0 pour vous aider. Que ce soit pour des informations sur les chats Devon Rex ou des questions sp\u00e9cifiques sur les chiots Griffons Bruxellois, des conseils de soins sp\u00e9cifiques \u00e0 votre f\u00e9lin bien-aim\u00e9 ou pour toute autre demande, n&rsquo;h\u00e9sitez pas \u00e0 nous contacter.<\/p>\n<p>Vous pouvez utiliser le formulaire ci-dessous pour nous envoyer un message directement. Nous nous engageons \u00e0 vous r\u00e9pondre dans les plus brefs d\u00e9lais. Votre satisfaction est notre objectif, et nous mettons tout en \u0153uvre pour vous offrir une exp\u00e9rience client exceptionnelle.<\/p>\n<p>De plus, si vous pr\u00e9f\u00e9rez un contact plus direct, vous pouvez nous joindre par t\u00e9l\u00e9phone au num\u00e9ro indiqu\u00e9 ci-dessous. Notre \u00e9quipe d&rsquo;experts sera enchant\u00e9e de r\u00e9pondre \u00e0 vos besoins avec professionnalisme et d\u00e9vouement.<\/p>\n<p>Nous appr\u00e9cions votre int\u00e9r\u00eat pour DragonflyCats et nous sommes impatients de vous accompagner dans le bien-\u00eatre de votre chaton ou chiot. Merci de faire partie de notre communaut\u00e9 engag\u00e9e \u00e0 offrir le meilleur \u00e0 nos amis poilus!<\/p>\n<p>N&rsquo;h\u00e9sitez pas \u00e0 nous contacter d\u00e8s maintenant. Votre satisfaction est notre priorit\u00e9 absolue.<\/p>\n<p>Vous pouvez \u00e9galement nous suivre sur nos plateformes de r\u00e9seaux sociaux afin d&rsquo;obtenir un contact plus direct!<\/p>\n<p>[\/et_pb_text][\/et_pb_column][\/et_pb_row][\/et_pb_section][et_pb_section fb_built=\u00a0\u00bb1&Prime; admin_label=\u00a0\u00bbFooter\u00a0\u00bb _builder_version=\u00a0\u00bb4.16&Prime; background_color=\u00a0\u00bb#020000&Prime; saved_tabs=\u00a0\u00bball\u00a0\u00bb locked=\u00a0\u00bboff\u00a0\u00bb global_colors_info=\u00a0\u00bb{}\u00a0\u00bb][et_pb_row column_structure=\u00a0\u00bb2_5,3_5&Prime; _builder_version=\u00a0\u00bb4.16&Prime; custom_margin=\u00a0\u00bb-56px|auto|-56px|auto|true|false\u00a0\u00bb custom_padding=\u00a0\u00bb||81px|||\u00a0\u00bb global_colors_info=\u00a0\u00bb{}\u00a0\u00bb][et_pb_column type=\u00a0\u00bb2_5&Prime; _builder_version=\u00a0\u00bb4.16&Prime; global_colors_info=\u00a0\u00bb{}\u00a0\u00bb][et_pb_image src=\u00a0\u00bbhttps:\/\/dragonflycats.com\/wp-content\/uploads\/2020\/08\/Logo-Dragonfly-cats_wout.png\u00a0\u00bb alt=\u00a0\u00bbUn dessin stylis\u00e9 de libellule flotte \u00e0 c\u00f4t\u00e9 du texte \u00ab Dragonfly Cats \u00bb, un m\u00e9lange de polices audacieuses et cursives en blanc \u00e9clatant sur fond noir, murmurant \u00e0 la fois myst\u00e8re et \u00e9l\u00e9gance. A propos de nous : l\u00e0 o\u00f9 la cr\u00e9ativit\u00e9 et lart prennent leur envol.\u00a0\u00bb title_text=\u00a0\u00bbDragonfly cats\u00a0\u00bb _builder_version=\u00a0\u00bb4.27.4&Prime; custom_margin_tablet=\u00a0\u00bb0px||0px|0px|false|false\u00a0\u00bb custom_margin_last_edited=\u00a0\u00bboff|phone\u00a0\u00bb global_colors_info=\u00a0\u00bb{}\u00a0\u00bb][\/et_pb_image][et_pb_text _builder_version=\u00a0\u00bb4.27.4&Prime; text_text_color=\u00a0\u00bb#ffcf9a\u00a0\u00bb text_font_size=\u00a0\u00bb16px\u00a0\u00bb text_line_height=\u00a0\u00bb1.8em\u00a0\u00bb background_layout=\u00a0\u00bbdark\u00a0\u00bb max_width=\u00a0\u00bb550px\u00a0\u00bb locked=\u00a0\u00bboff\u00a0\u00bb global_colors_info=\u00a0\u00bb{}\u00a0\u00bb]<\/p>\n<p>En tout temps, vous pouvez nous joindre par t\u00e9l\u00e9phone au <strong>(514) 952-6619<\/strong><\/p>\n<p><strong> <\/strong><\/p>\n<p><strong><span style=\"color: #ff00ff;\">** Si vous avez des probl\u00e8mes\u00a0 avec notre formulaire de contact svp nous contacter directement \u00e0: Info@dragonflycats.com<\/span><\/strong><\/p>\n<p>[\/et_pb_text][\/et_pb_column][et_pb_column type=\u00a0\u00bb3_5&Prime; _builder_version=\u00a0\u00bb4.16&Prime; transform_scale_tablet=\u00a0\u00bb\u00a0\u00bb transform_scale_phone=\u00a0\u00bb\u00a0\u00bb transform_scale_last_edited=\u00a0\u00bbon|desktop\u00a0\u00bb transform_translate_tablet=\u00a0\u00bb30px|0px\u00a0\u00bb transform_translate_phone=\u00a0\u00bb20px|0px\u00a0\u00bb transform_translate_last_edited=\u00a0\u00bbon|phone\u00a0\u00bb transform_translate_linked_tablet=\u00a0\u00bboff\u00a0\u00bb transform_rotate_tablet=\u00a0\u00bb\u00a0\u00bb transform_rotate_phone=\u00a0\u00bb\u00a0\u00bb transform_rotate_last_edited=\u00a0\u00bbon|desktop\u00a0\u00bb transform_skew_tablet=\u00a0\u00bb\u00a0\u00bb transform_skew_phone=\u00a0\u00bb\u00a0\u00bb transform_skew_last_edited=\u00a0\u00bbon|desktop\u00a0\u00bb transform_origin_tablet=\u00a0\u00bb\u00a0\u00bb transform_origin_phone=\u00a0\u00bb\u00a0\u00bb transform_origin_last_edited=\u00a0\u00bbon|desktop\u00a0\u00bb transform_styles_last_edited=\u00a0\u00bbon|phone\u00a0\u00bb transform_styles_tablet=\u00a0\u00bb\u00a0\u00bb transform_styles_phone=\u00a0\u00bb\u00a0\u00bb border_width_all=\u00a0\u00bb2px\u00a0\u00bb border_color_all=\u00a0\u00bbrgba(0,0,0,0)\u00a0\u00bb global_colors_info=\u00a0\u00bb{}\u00a0\u00bb][et_pb_text _builder_version=\u00a0\u00bb4.27.4&Prime; _module_preset=\u00a0\u00bbdefault\u00a0\u00bb background_color=\u00a0\u00bb#FFCF9A\u00a0\u00bb custom_padding=\u00a0\u00bb20px|20px|20px|20px|false|false\u00a0\u00bb border_radii=\u00a0\u00bbon|10px|10px|10px|10px\u00a0\u00bb global_colors_info=\u00a0\u00bb{}\u00a0\u00bb]<\/p>\n<div class=\"frm_forms  with_frm_style frm_style_formidable-style\" id=\"frm_form_3_container\" data-token=\"8bbd56db6fee14a8a8c9684ae77cf439\">\n<form enctype=\"multipart\/form-data\" method=\"post\" class=\"frm-show-form \" id=\"form_contact-us-fr\" data-token=\"8bbd56db6fee14a8a8c9684ae77cf439\">\n<div class=\"frm_form_fields \">\n<fieldset>\n<legend class=\"frm_screen_reader\">Formulaire de contact<\/legend>\r\n<h3 class=\"frm_form_title\">Formulaire de contact<\/h3>\r\n<div class=\"frm_fields_container\">\n<input type=\"hidden\" name=\"frm_action\" value=\"create\" \/>\n<input type=\"hidden\" name=\"form_id\" value=\"3\" \/>\n<input type=\"hidden\" name=\"frm_hide_fields_3\" id=\"frm_hide_fields_3\" value=\"\" \/>\n<input type=\"hidden\" name=\"form_key\" value=\"contact-us-fr\" \/>\n<input type=\"hidden\" name=\"item_meta[0]\" value=\"\" \/>\n<input type=\"hidden\" id=\"frm_submit_entry_3\" name=\"frm_submit_entry_3\" value=\"749c5b7dcc\" \/><input type=\"hidden\" name=\"_wp_http_referer\" value=\"\/fr\/wp-json\/wp\/v2\/pages\/377\" \/><div id=\"frm_field_17_container\" class=\"frm_form_field form-field  frm_required_field frm_top_container frm12 frm_first\">\r\n    <label for=\"field_qh4icy3\" class=\"frm_primary_label\">Nom\r\n        <span class=\"frm_required\">*<\/span>\r\n    <\/label>\r\n    <input type=\"text\" id=\"field_qh4icy3\" name=\"item_meta[17]\" value=\"\"  data-reqmsg=\"Nom cannot be blank.\" aria-required=\"true\" data-invmsg=\"Nom is invalid\" aria-invalid=\"false\"  \/>\r\n    \r\n    \r\n<\/div>\n<div id=\"frm_field_19_container\" class=\"frm_form_field form-field  frm_top_container\">\r\n\t<label for=\"field_t5u402\" id=\"field_t5u402_label\" class=\"frm_primary_label\">T\u00e9l\u00e9phone\r\n\t\t<span class=\"frm_required\" aria-hidden=\"true\"><\/span>\r\n\t<\/label>\r\n\t<input type=\"tel\" id=\"field_t5u402\" name=\"item_meta[19]\" value=\"\"  data-invmsg=\"T\u00e9l\u00e9phone is invalid\" aria-invalid=\"false\" pattern=\"((\\+\\d{1,3}(-|.| )?\\(?\\d\\)?(-| |.)?\\d{1,5})|(\\(?\\d{2,6}\\)?))(-|.| )?(\\d{3,4})(-|.| )?(\\d{4})(( x| ext)\\d{1,5}){0,1}$\"  \/>\r\n\t\r\n\t\r\n<\/div>\n<div id=\"frm_field_20_container\" class=\"frm_form_field form-field  frm_required_field frm_top_container frm_full\">\r\n    <label for=\"field_29yf4d3\" class=\"frm_primary_label\">email\r\n        <span class=\"frm_required\">*<\/span>\r\n    <\/label>\r\n    <input type=\"email\" id=\"field_29yf4d3\" name=\"item_meta[20]\" value=\"\"  data-reqmsg=\"email cannot be blank.\" aria-required=\"true\" data-invmsg=\"Please enter a valid email address\" aria-invalid=\"false\"  \/>\r\n    \r\n    \r\n<\/div>\n<div id=\"frm_field_21_container\" class=\"frm_form_field form-field  frm_top_container\">\r\n\t<label for=\"field_4fm0e2\" id=\"field_4fm0e2_label\" class=\"frm_primary_label\">Race\r\n\t\t<span class=\"frm_required\" aria-hidden=\"true\"><\/span>\r\n\t<\/label>\r\n\t\t\t<select name=\"item_meta[21]\" id=\"field_4fm0e2\"  data-invmsg=\"Race is invalid\" aria-invalid=\"false\"  >\n\t\t<option  value=\"Brussel Griffon\">Brussel Griffon<\/option><option  value=\"F1 Savannah cat\">F1 Savannah cat<\/option><option  value=\"Savannah\">Savannah<\/option><option  value=\"Devon Rex\">Devon Rex<\/option>\t<\/select>\n\t\r\n\t\r\n\t\r\n<\/div>\n<div id=\"frm_field_22_container\" class=\"frm_form_field form-field  frm_required_field frm_top_container frm_full\">\r\n    <label for=\"field_9jv0r13\" class=\"frm_primary_label\">Message\r\n        <span class=\"frm_required\">*<\/span>\r\n    <\/label>\r\n    <textarea name=\"item_meta[22]\" id=\"field_9jv0r13\" rows=\"5\"  data-reqmsg=\"Message cannot be blank.\" aria-required=\"true\" data-invmsg=\"Message est non valide\" aria-invalid=\"false\"  ><\/textarea>\r\n    \r\n    \r\n<\/div>\n<div id=\"frm_field_23_container\" class=\"frm_form_field form-field \">\r\n\t<div class=\"frm_submit\">\r\n\r\n<button class=\"frm_button_submit\" type=\"submit\" >envoyer<\/button>\r\n\r\n<\/div>\r\n<\/div>\n\t<input type=\"hidden\" name=\"item_key\" value=\"\" \/>\n\t\t\t<div id=\"frm_field_24_container\">\n\t\t\t<label for=\"field_3peog\" >\n\t\t\t\tSi vous \u00eates un humain, ne remplissez pas ce champ.\t\t\t<\/label>\n\t\t\t<input  id=\"field_3peog\" type=\"text\" class=\"frm_form_field form-field frm_verify\" name=\"item_meta[24]\" value=\"\"  \/>\n\t\t<\/div>\n\t\t<input name=\"frm_state\" type=\"hidden\" value=\"IN9F1hKMlbdsG7nkljcNNpel77wV6kYcOwHgzLX+3DA=\" \/><\/div>\n<\/fieldset>\n<\/div>\n\n<\/form>\n<\/div>\n\n<p>[\/et_pb_text][\/et_pb_column][\/et_pb_row][\/et_pb_section]<\/p>\n","protected":false},"excerpt":{"rendered":"<p>Bienvenue sur Dragonfly Cats Vous avez des questions sur l&rsquo;adoption d&rsquo;un chaton Devon Rex ou encore d&rsquo;un chiot Griffon Bruxellois? Contactez-nous! Il nous fait plaisir de vous aider \u00e0 obtenir toutes les informations n\u00e9cessaires \u00e0 l&rsquo;adoption ainsi qu&rsquo;au bien-\u00eatre de votre f\u00e9lin ou canin!. Avez-vous des questions, des pr\u00e9occupations ou des commentaires \u00e0 partager ? Notre \u00e9quipe exp\u00e9riment\u00e9e est l\u00e0 pour vous aider. Que ce soit pour des informations sur les chats Devon Rex ou des questions sp\u00e9cifiques sur les chiots Griffons Bruxellois, des conseils de soins sp\u00e9cifiques \u00e0 votre f\u00e9lin bien-aim\u00e9 ou pour toute autre demande, n&rsquo;h\u00e9sitez pas \u00e0 nous contacter. Vous pouvez utiliser le formulaire ci-dessous pour nous envoyer un message directement. Nous nous engageons \u00e0 vous r\u00e9pondre dans les plus brefs d\u00e9lais. Votre satisfaction est notre objectif, et nous mettons tout en \u0153uvre pour vous offrir une exp\u00e9rience client exceptionnelle. De plus, si vous pr\u00e9f\u00e9rez un contact plus direct, vous pouvez nous joindre par t\u00e9l\u00e9phone au num\u00e9ro indiqu\u00e9 ci-dessous. Notre \u00e9quipe d&rsquo;experts sera enchant\u00e9e de r\u00e9pondre \u00e0 vos besoins avec professionnalisme et d\u00e9vouement. Nous appr\u00e9cions votre int\u00e9r\u00eat pour DragonflyCats et nous sommes impatients de vous accompagner dans le bien-\u00eatre de votre chaton ou chiot. Merci de faire [&hellip;]<\/p>\n","protected":false},"author":4,"featured_media":0,"parent":0,"menu_order":0,"comment_status":"closed","ping_status":"closed","template":"","meta":{"_et_pb_use_builder":"on","_et_pb_old_content":"","_et_gb_content_width":"","footnotes":""},"class_list":["post-377","page","type-page","status-publish","hentry"],"yoast_head":"<!-- This site is optimized with the Yoast SEO Premium plugin v27.4 (Yoast SEO v27.4) - https:\/\/yoast.com\/product\/yoast-seo-premium-wordpress\/ -->\n<title>Contactez-nous \u2022 Dragonlfycats<\/title>\n<meta name=\"description\" content=\"Vous avez des questions sur l&#039;adoption d&#039;un chaton devon Rex, ou encore un chiot Griffon Bruxellois? Contactez-nous!\" \/>\n<meta name=\"robots\" content=\"index, follow, max-snippet:-1, max-image-preview:large, max-video-preview:-1\" \/>\n<link rel=\"canonical\" href=\"https:\/\/dragonflycats.com\/fr\/contactez-nous\/\" \/>\n<meta property=\"og:locale\" content=\"fr_FR\" \/>\n<meta property=\"og:type\" content=\"article\" \/>\n<meta property=\"og:title\" content=\"Contactez-nous\" \/>\n<meta property=\"og:description\" content=\"Vous avez des questions sur l&#039;adoption d&#039;un chaton devon Rex, ou encore un chiot Griffon Bruxellois? Contactez-nous!\" \/>\n<meta property=\"og:url\" content=\"https:\/\/dragonflycats.com\/fr\/contactez-nous\/\" \/>\n<meta property=\"og:site_name\" content=\"DragonFlyCats\" \/>\n<meta property=\"article:publisher\" content=\"https:\/\/www.facebook.com\/dragonflycats\/\" \/>\n<meta property=\"article:modified_time\" content=\"2025-09-19T19:34:22+00:00\" \/>\n<meta name=\"twitter:card\" content=\"summary_large_image\" \/>\n<meta name=\"twitter:label1\" content=\"Dur\u00e9e de lecture estim\u00e9e\" \/>\n\t<meta name=\"twitter:data1\" content=\"2 minutes\" \/>\n<script type=\"application\/ld+json\" class=\"yoast-schema-graph\">{\"@context\":\"https:\\\/\\\/schema.org\",\"@graph\":[{\"@type\":\"WebPage\",\"@id\":\"https:\\\/\\\/dragonflycats.com\\\/fr\\\/contactez-nous\\\/\",\"url\":\"https:\\\/\\\/dragonflycats.com\\\/fr\\\/contactez-nous\\\/\",\"name\":\"Contactez-nous \u2022 Dragonlfycats\",\"isPartOf\":{\"@id\":\"https:\\\/\\\/dragonflycats.com\\\/fr\\\/#website\"},\"datePublished\":\"2020-08-03T19:58:37+00:00\",\"dateModified\":\"2025-09-19T19:34:22+00:00\",\"description\":\"Vous avez des questions sur l'adoption d'un chaton devon Rex, ou encore un chiot Griffon Bruxellois? Contactez-nous!\",\"breadcrumb\":{\"@id\":\"https:\\\/\\\/dragonflycats.com\\\/fr\\\/contactez-nous\\\/#breadcrumb\"},\"inLanguage\":\"fr-FR\",\"potentialAction\":[{\"@type\":\"ReadAction\",\"target\":[\"https:\\\/\\\/dragonflycats.com\\\/fr\\\/contactez-nous\\\/\"]}]},{\"@type\":\"BreadcrumbList\",\"@id\":\"https:\\\/\\\/dragonflycats.com\\\/fr\\\/contactez-nous\\\/#breadcrumb\",\"itemListElement\":[{\"@type\":\"ListItem\",\"position\":1,\"name\":\"Accueil\",\"item\":\"https:\\\/\\\/dragonflycats.com\\\/fr\\\/\"},{\"@type\":\"ListItem\",\"position\":2,\"name\":\"Contactez-nous\"}]},{\"@type\":\"WebSite\",\"@id\":\"https:\\\/\\\/dragonflycats.com\\\/fr\\\/#website\",\"url\":\"https:\\\/\\\/dragonflycats.com\\\/fr\\\/\",\"name\":\"DragonFlyCats\",\"description\":\"Devon Rex - Savannah F1 - Griffon Bruxellois\",\"publisher\":{\"@id\":\"https:\\\/\\\/dragonflycats.com\\\/fr\\\/#organization\"},\"potentialAction\":[{\"@type\":\"SearchAction\",\"target\":{\"@type\":\"EntryPoint\",\"urlTemplate\":\"https:\\\/\\\/dragonflycats.com\\\/fr\\\/?s={search_term_string}\"},\"query-input\":{\"@type\":\"PropertyValueSpecification\",\"valueRequired\":true,\"valueName\":\"search_term_string\"}}],\"inLanguage\":\"fr-FR\"},{\"@type\":\"Organization\",\"@id\":\"https:\\\/\\\/dragonflycats.com\\\/fr\\\/#organization\",\"name\":\"Dragonflycats\",\"url\":\"https:\\\/\\\/dragonflycats.com\\\/fr\\\/\",\"logo\":{\"@type\":\"ImageObject\",\"inLanguage\":\"fr-FR\",\"@id\":\"https:\\\/\\\/dragonflycats.com\\\/fr\\\/#\\\/schema\\\/logo\\\/image\\\/\",\"url\":\"https:\\\/\\\/i0.wp.com\\\/dragonflycats.com\\\/wp-content\\\/uploads\\\/2020\\\/08\\\/Logo-Dragonfly-cats-Black.png?fit=2560%2C1248&ssl=1\",\"contentUrl\":\"https:\\\/\\\/i0.wp.com\\\/dragonflycats.com\\\/wp-content\\\/uploads\\\/2020\\\/08\\\/Logo-Dragonfly-cats-Black.png?fit=2560%2C1248&ssl=1\",\"width\":2560,\"height\":1248,\"caption\":\"Dragonflycats\"},\"image\":{\"@id\":\"https:\\\/\\\/dragonflycats.com\\\/fr\\\/#\\\/schema\\\/logo\\\/image\\\/\"},\"sameAs\":[\"https:\\\/\\\/www.facebook.com\\\/dragonflycats\\\/\",\"https:\\\/\\\/www.instagram.com\\\/dragonflycats\\\/\"]}]}<\/script>\n<!-- \/ Yoast SEO Premium plugin. -->","yoast_head_json":{"title":"Contactez-nous \u2022 Dragonlfycats","description":"Vous avez des questions sur l'adoption d'un chaton devon Rex, ou encore un chiot Griffon Bruxellois? Contactez-nous!","robots":{"index":"index","follow":"follow","max-snippet":"max-snippet:-1","max-image-preview":"max-image-preview:large","max-video-preview":"max-video-preview:-1"},"canonical":"https:\/\/dragonflycats.com\/fr\/contactez-nous\/","og_locale":"fr_FR","og_type":"article","og_title":"Contactez-nous","og_description":"Vous avez des questions sur l'adoption d'un chaton devon Rex, ou encore un chiot Griffon Bruxellois? Contactez-nous!","og_url":"https:\/\/dragonflycats.com\/fr\/contactez-nous\/","og_site_name":"DragonFlyCats","article_publisher":"https:\/\/www.facebook.com\/dragonflycats\/","article_modified_time":"2025-09-19T19:34:22+00:00","twitter_card":"summary_large_image","twitter_misc":{"Dur\u00e9e de lecture estim\u00e9e":"2 minutes"},"schema":{"@context":"https:\/\/schema.org","@graph":[{"@type":"WebPage","@id":"https:\/\/dragonflycats.com\/fr\/contactez-nous\/","url":"https:\/\/dragonflycats.com\/fr\/contactez-nous\/","name":"Contactez-nous \u2022 Dragonlfycats","isPartOf":{"@id":"https:\/\/dragonflycats.com\/fr\/#website"},"datePublished":"2020-08-03T19:58:37+00:00","dateModified":"2025-09-19T19:34:22+00:00","description":"Vous avez des questions sur l'adoption d'un chaton devon Rex, ou encore un chiot Griffon Bruxellois? Contactez-nous!","breadcrumb":{"@id":"https:\/\/dragonflycats.com\/fr\/contactez-nous\/#breadcrumb"},"inLanguage":"fr-FR","potentialAction":[{"@type":"ReadAction","target":["https:\/\/dragonflycats.com\/fr\/contactez-nous\/"]}]},{"@type":"BreadcrumbList","@id":"https:\/\/dragonflycats.com\/fr\/contactez-nous\/#breadcrumb","itemListElement":[{"@type":"ListItem","position":1,"name":"Accueil","item":"https:\/\/dragonflycats.com\/fr\/"},{"@type":"ListItem","position":2,"name":"Contactez-nous"}]},{"@type":"WebSite","@id":"https:\/\/dragonflycats.com\/fr\/#website","url":"https:\/\/dragonflycats.com\/fr\/","name":"DragonFlyCats","description":"Devon Rex - Savannah F1 - Griffon Bruxellois","publisher":{"@id":"https:\/\/dragonflycats.com\/fr\/#organization"},"potentialAction":[{"@type":"SearchAction","target":{"@type":"EntryPoint","urlTemplate":"https:\/\/dragonflycats.com\/fr\/?s={search_term_string}"},"query-input":{"@type":"PropertyValueSpecification","valueRequired":true,"valueName":"search_term_string"}}],"inLanguage":"fr-FR"},{"@type":"Organization","@id":"https:\/\/dragonflycats.com\/fr\/#organization","name":"Dragonflycats","url":"https:\/\/dragonflycats.com\/fr\/","logo":{"@type":"ImageObject","inLanguage":"fr-FR","@id":"https:\/\/dragonflycats.com\/fr\/#\/schema\/logo\/image\/","url":"https:\/\/i0.wp.com\/dragonflycats.com\/wp-content\/uploads\/2020\/08\/Logo-Dragonfly-cats-Black.png?fit=2560%2C1248&ssl=1","contentUrl":"https:\/\/i0.wp.com\/dragonflycats.com\/wp-content\/uploads\/2020\/08\/Logo-Dragonfly-cats-Black.png?fit=2560%2C1248&ssl=1","width":2560,"height":1248,"caption":"Dragonflycats"},"image":{"@id":"https:\/\/dragonflycats.com\/fr\/#\/schema\/logo\/image\/"},"sameAs":["https:\/\/www.facebook.com\/dragonflycats\/","https:\/\/www.instagram.com\/dragonflycats\/"]}]}},"_links":{"self":[{"href":"https:\/\/dragonflycats.com\/fr\/wp-json\/wp\/v2\/pages\/377","targetHints":{"allow":["GET"]}}],"collection":[{"href":"https:\/\/dragonflycats.com\/fr\/wp-json\/wp\/v2\/pages"}],"about":[{"href":"https:\/\/dragonflycats.com\/fr\/wp-json\/wp\/v2\/types\/page"}],"author":[{"embeddable":true,"href":"https:\/\/dragonflycats.com\/fr\/wp-json\/wp\/v2\/users\/4"}],"replies":[{"embeddable":true,"href":"https:\/\/dragonflycats.com\/fr\/wp-json\/wp\/v2\/comments?post=377"}],"version-history":[{"count":0,"href":"https:\/\/dragonflycats.com\/fr\/wp-json\/wp\/v2\/pages\/377\/revisions"}],"wp:attachment":[{"href":"https:\/\/dragonflycats.com\/fr\/wp-json\/wp\/v2\/media?parent=377"}],"curies":[{"name":"wp","href":"https:\/\/api.w.org\/{rel}","templated":true}]}}