{"id":978,"date":"2020-10-17T17:33:32","date_gmt":"2020-10-17T17:33:32","guid":{"rendered":"https:\/\/dragonflycats.com\/%e2%99%94-kings-bengal\/"},"modified":"2025-08-19T12:07:21","modified_gmt":"2025-08-19T17:07:21","slug":"groupe-sanguin-chat","status":"publish","type":"page","link":"https:\/\/dragonflycats.com\/fr\/groupe-sanguin-chat\/","title":{"rendered":"\u2654 Groupe sanguin chez le Devon Rex et le Chat"},"content":{"rendered":"<p>[et_pb_section fb_built=\u00a0\u00bb1&Prime; custom_padding_last_edited=\u00a0\u00bbon|phone\u00a0\u00bb admin_label=\u00a0\u00bbHeader\u00a0\u00bb _builder_version=\u00a0\u00bb4.27.4&Prime; background_color_gradient_direction=\u00a0\u00bb90deg\u00a0\u00bb background_image=\u00a0\u00bbhttps:\/\/dragonflycats.com\/wp-content\/uploads\/2025\/05\/DragonflyDevon-Juniper0279.jpg\u00a0\u00bb custom_padding=\u00a0\u00bb40px|40px|40px|40px|true|true\u00a0\u00bb custom_padding_tablet=\u00a0\u00bb|10%||10%|false|true\u00a0\u00bb custom_padding_phone=\u00a0\u00bb|5%||5%|false|true\u00a0\u00bb hover_enabled=\u00a0\u00bb0&Prime; locked=\u00a0\u00bboff\u00a0\u00bb global_colors_info=\u00a0\u00bb{}\u00a0\u00bb title_text=\u00a0\u00bbDragonflyDevon Juniper0279&Prime; sticky_enabled=\u00a0\u00bb0&Prime;][et_pb_row column_structure=\u00a0\u00bb3_5,2_5&Prime; _builder_version=\u00a0\u00bb4.27.4&Prime; background_image=\u00a0\u00bbhttps:\/\/dragonflycats.com\/wp-content\/uploads\/2025\/05\/DragonflyDevon-Juniper0279.jpg\u00a0\u00bb background_position=\u00a0\u00bbcenter_left\u00a0\u00bb z_index=\u00a0\u00bb0&Prime; width=\u00a0\u00bb100%\u00a0\u00bb max_width=\u00a0\u00bb100%\u00a0\u00bb custom_padding=\u00a0\u00bb0px||0px||true|false\u00a0\u00bb hover_enabled=\u00a0\u00bb0&Prime; border_width_all=\u00a0\u00bb4px\u00a0\u00bb border_color_all=\u00a0\u00bb#ffcf9a\u00a0\u00bb border_width_all_tablet=\u00a0\u00bb2px\u00a0\u00bb border_width_all_phone=\u00a0\u00bb\u00a0\u00bb border_width_all_last_edited=\u00a0\u00bbon|desktop\u00a0\u00bb box_shadow_style=\u00a0\u00bbpreset1&Prime; box_shadow_blur=\u00a0\u00bb0px\u00a0\u00bb box_shadow_spread=\u00a0\u00bb80px\u00a0\u00bb box_shadow_color=\u00a0\u00bbrgba(0,0,0,0.7)\u00a0\u00bb global_colors_info=\u00a0\u00bb{}\u00a0\u00bb title_text=\u00a0\u00bbDragonflyDevon Juniper0279&Prime; sticky_enabled=\u00a0\u00bb0&Prime;][et_pb_column type=\u00a0\u00bb3_5&Prime; _builder_version=\u00a0\u00bb4.16&Prime; global_colors_info=\u00a0\u00bb{}\u00a0\u00bb][\/et_pb_column][et_pb_column type=\u00a0\u00bb2_5&Prime; _builder_version=\u00a0\u00bb4.16&Prime; background_color=\u00a0\u00bbrgba(0,0,0,0.86)\u00a0\u00bb custom_padding=\u00a0\u00bb10vw|80px|150px|80px|false|true\u00a0\u00bb custom_padding_tablet=\u00a0\u00bb60px|60px|60px|60px|true|true\u00a0\u00bb custom_padding_phone=\u00a0\u00bb20px|20px|20px|20px|true|true\u00a0\u00bb custom_padding_last_edited=\u00a0\u00bbon|phone\u00a0\u00bb background_color_tablet=\u00a0\u00bbrgba(0,0,0,0.76)\u00a0\u00bb background_last_edited=\u00a0\u00bbon|phone\u00a0\u00bb background_enable_color_tablet=\u00a0\u00bbon\u00a0\u00bb global_colors_info=\u00a0\u00bb{}\u00a0\u00bb][et_pb_text _builder_version=\u00a0\u00bb4.27.4&Prime; header_font=\u00a0\u00bbPlayfair Display||||||||\u00a0\u00bb header_text_color=\u00a0\u00bb#ffebd6&Prime; header_font_size=\u00a0\u00bb80px\u00a0\u00bb header_line_height=\u00a0\u00bb1.2em\u00a0\u00bb header_3_font=\u00a0\u00bb|700||on|||||\u00a0\u00bb header_3_text_color=\u00a0\u00bb#ffcf9a\u00a0\u00bb header_3_font_size=\u00a0\u00bb14px\u00a0\u00bb header_3_letter_spacing=\u00a0\u00bb2px\u00a0\u00bb header_3_line_height=\u00a0\u00bb1.2em\u00a0\u00bb background_layout=\u00a0\u00bbdark\u00a0\u00bb max_width=\u00a0\u00bb550px\u00a0\u00bb hover_enabled=\u00a0\u00bb0&Prime; header_font_size_tablet=\u00a0\u00bb80px\u00a0\u00bb header_font_size_phone=\u00a0\u00bb40px\u00a0\u00bb header_font_size_last_edited=\u00a0\u00bbon|phone\u00a0\u00bb global_colors_info=\u00a0\u00bb{}\u00a0\u00bb sticky_enabled=\u00a0\u00bb0&Prime;]<\/p>\n<h1>Groupe sanguin chez le chat.<\/h1>\n<p>[\/et_pb_text][\/et_pb_column][\/et_pb_row][\/et_pb_section][et_pb_section fb_built=\u00a0\u00bb1&Prime; _builder_version=\u00a0\u00bb4.16&Prime; _module_preset=\u00a0\u00bbdefault\u00a0\u00bb background_color=\u00a0\u00bb#020202&Prime; custom_padding=\u00a0\u00bb44px||45px|||\u00a0\u00bb global_colors_info=\u00a0\u00bb{}\u00a0\u00bb][et_pb_row _builder_version=\u00a0\u00bb4.16&Prime; _module_preset=\u00a0\u00bbdefault\u00a0\u00bb global_colors_info=\u00a0\u00bb{}\u00a0\u00bb][et_pb_column type=\u00a0\u00bb4_4&Prime; _builder_version=\u00a0\u00bb4.16&Prime; _module_preset=\u00a0\u00bbdefault\u00a0\u00bb global_colors_info=\u00a0\u00bb{}\u00a0\u00bb][et_pb_text _builder_version=\u00a0\u00bb4.27.4&Prime; _module_preset=\u00a0\u00bbdefault\u00a0\u00bb background_color=\u00a0\u00bbrgba(0,0,0,0)\u00a0\u00bb hover_enabled=\u00a0\u00bb0&Prime; global_colors_info=\u00a0\u00bb{}\u00a0\u00bb sticky_enabled=\u00a0\u00bb0&Prime;]<\/p>\n<p style=\"text-align: justify;\"><span>Le groupe sanguin chez le chat n&rsquo;est pas un \u00e9l\u00e9ment \u00e0 n\u00e9gliger. C&rsquo;est pourquoi chez Dragonflycats nous avons pris le temps de l&rsquo;expliquer et de l&rsquo;illustrer.<\/span><span style=\"color: #ff6600;\"><\/span><\/p>\n<p style=\"text-align: justify;\"><span>Le groupe sanguin n\u2019est pas une tare , il est simplement une caract\u00e9ristique, comme des yeux verts ou bleus.\u00a0<br \/>Il existe trois groupes sanguins A, B &amp; AB <\/span><\/p>\n<p>[\/et_pb_text][dsm_icon_divider image=\u00a0\u00bbhttps:\/\/dragonflycats.com\/wp-content\/uploads\/2022\/05\/Logo_Libellule-e1652795262504.png\u00a0\u00bb image_max_width=\u00a0\u00bb12%\u00a0\u00bb color=\u00a0\u00bb#FFFFFF\u00a0\u00bb image_max_width_tablet=\u00a0\u00bb\u00a0\u00bb image_max_width_phone=\u00a0\u00bb\u00a0\u00bb image_max_width_last_edited=\u00a0\u00bbon|desktop\u00a0\u00bb _builder_version=\u00a0\u00bb4.16&Prime; _module_preset=\u00a0\u00bbdefault\u00a0\u00bb saved_tabs=\u00a0\u00bball\u00a0\u00bb global_colors_info=\u00a0\u00bb{}\u00a0\u00bb][\/dsm_icon_divider][\/et_pb_column][\/et_pb_row][\/et_pb_section][et_pb_section fb_built=\u00a0\u00bb1&Prime; _builder_version=\u00a0\u00bb4.16&Prime; _module_preset=\u00a0\u00bbdefault\u00a0\u00bb background_color=\u00a0\u00bb#000000&Prime; custom_padding=\u00a0\u00bb||39px||false|false\u00a0\u00bb locked=\u00a0\u00bboff\u00a0\u00bb global_colors_info=\u00a0\u00bb{}\u00a0\u00bb][et_pb_row column_structure=\u00a0\u00bb1_2,1_2&Prime; _builder_version=\u00a0\u00bb4.16&Prime; _module_preset=\u00a0\u00bbdefault\u00a0\u00bb custom_padding=\u00a0\u00bb27px|||||\u00a0\u00bb global_colors_info=\u00a0\u00bb{}\u00a0\u00bb][et_pb_column type=\u00a0\u00bb1_2&Prime; _builder_version=\u00a0\u00bb4.16&Prime; _module_preset=\u00a0\u00bbdefault\u00a0\u00bb global_colors_info=\u00a0\u00bb{}\u00a0\u00bb][dsm_image_carousel gallery_ids=\u00a0\u00bb21946&Prime; slide_to_show=\u00a0\u00bb1&Prime; speed=\u00a0\u00bb100&Prime; autoplay=\u00a0\u00bboff\u00a0\u00bb space_between=\u00a0\u00bb19&Prime; _builder_version=\u00a0\u00bb4.27.4&Prime; _module_preset=\u00a0\u00bbdefault\u00a0\u00bb custom_margin=\u00a0\u00bb0px||0px||false|false\u00a0\u00bb hover_enabled=\u00a0\u00bb0&Prime; global_colors_info=\u00a0\u00bb{}\u00a0\u00bb sticky_enabled=\u00a0\u00bb0&Prime;][\/dsm_image_carousel][et_pb_text _builder_version=\u00a0\u00bb4.27.4&Prime; _module_preset=\u00a0\u00bbdefault\u00a0\u00bb header_2_font=\u00a0\u00bbPlayfair Display|||||on|||\u00a0\u00bb header_2_text_color=\u00a0\u00bb#ffebd6&Prime; hover_enabled=\u00a0\u00bb0&Prime; global_colors_info=\u00a0\u00bb{}\u00a0\u00bb sticky_enabled=\u00a0\u00bb0&Prime; locked=\u00a0\u00bboff\u00a0\u00bb]<\/p>\n<h2 style=\"text-align: justify;\">Petite pr\u00e9cision<\/h2>\n<p><span>Un m\u00e2le de groupe B avec une chatte de groupe A, ne causera pas de soucis pour les chatons\u00a0 puisque ce n&rsquo;est pas le male qui passe les anticorps aux chatons. Cependant tout les chatons issues de ce mariage seront de groupe sanguin AB.<\/span><\/p>\n<p><span>L&rsquo;h\u00e9r\u00e9dit\u00e9 des groupes A et B ob\u00e9it aux lois h\u00e9r\u00e9ditaires de Mendel. Dont A est dominant par rapport \u00e0 B. AB provient de A+B mais forme un groupe sanguin distinct.<\/span><br \/><span>Le syst\u00e8me AB s\u2019exprime \u00e0 travers deux groupes, le groupe A largement majoritaire chez les chats communs et le groupe B plus minoritaire (10% des chats \u00ab tout-venants \u00bb). La fr\u00e9quence des groupes A et B varie toutefois consid\u00e9rablement selon les zones g\u00e9ographiques, les \u00e9levages et les races. Des chats de groupe AB sont parfois identifi\u00e9s. Le d\u00e9c\u00e8s des chatons li\u00e9 \u00e0 l\u2019incompatibilit\u00e9 AB et la s\u00e9lection dans les \u00e9levages influencent la fr\u00e9quence des groupes A et B au sein des populations de chats.<\/span><\/p>\n<\/p>\n<p>[\/et_pb_text][\/et_pb_column][et_pb_column type=\u00a0\u00bb1_2&Prime; _builder_version=\u00a0\u00bb4.16&Prime; _module_preset=\u00a0\u00bbdefault\u00a0\u00bb global_colors_info=\u00a0\u00bb{}\u00a0\u00bb][et_pb_text _builder_version=\u00a0\u00bb4.27.4&Prime; _module_preset=\u00a0\u00bbdefault\u00a0\u00bb header_2_font=\u00a0\u00bbPlayfair Display|||||on|||\u00a0\u00bb header_2_text_color=\u00a0\u00bb#ffebd6&Prime; hover_enabled=\u00a0\u00bb0&Prime; global_colors_info=\u00a0\u00bb{}\u00a0\u00bb sticky_enabled=\u00a0\u00bb0&Prime;]<\/p>\n<h2 style=\"text-align: justify;\">Explications<\/h2>\n<p><span>&#8211; Le mariage d&rsquo;une femelle B\u00a0 avec un m\u00e2le A donnera\u00a0 des chatons AB.<br \/>Si le m\u00e2le est AB, avec une maman B les chatons seront B\u00a0 ou A\/b. <\/p>\n<p>Pour les chatons issus de femelles B et de m\u00e2les A ou AB : les chatons naissent\u00a0 et normalement absorbent les anticorps de la m\u00e8re avec le premier lait maternel (les 16 premi\u00e8res heures) ce qui am\u00e8ne la dissolution des globules rouges par incompatibilit\u00e9 du groupe sanguin.<\/span><\/p>\n<p><span> Les chatons du groupe B ont de puissants anticorps contre les globules rouges de type A ce qui am\u00e8ne la destruction des globules rouges chez le chaton naissant et souvent sa mort.<\/span><br \/><span><\/span><\/p>\n<p><span>En r\u00e9sum\u00e9, il faut enlever les chatons et les biberonner jusqu&rsquo;\u00e0 dissolution du colostrum, soit 24 heures apr\u00e8s le dernier chaton expuls\u00e9.<\/span><\/p>\n<p><span>Si on ne retire pas les chatons \u00e0 la naissance , les chatons de groupe\u00a0 AB\u00a0 sont affect\u00e9s\u00a0 et d\u00e9veloppent les premiers sympt\u00f4mes avec les t\u00e9t\u00e9es du premier lait (colostrum) : plus envie de t\u00e9ter, perte de poids, an\u00e9mie, coloration brune de l&rsquo;urine jusqu&rsquo;\u00e0 ce que la mort survienne. Tous les chatons de groupe AB ne meurent pas obligatoirement, mais il arrive souvent le d\u00e9c\u00e8s et pour ceux qui survivent, il peut\u00a0 y avoir des n\u00e9croses de la queue ou des oreilles. Cela s\u2019appelle maladie h\u00e9molytique du nouveau-n\u00e9 ou d\u2019iso\u00e9rythrolyse n\u00e9onatale)<\/span><\/p>\n<p><span>Quelques sympt\u00f4mes d&rsquo;affectation : mort brutale dans les premiers jours ( Trois premi\u00e8re semaine)\u00a0 ; ict\u00e8re ; asth\u00e9nie, difficult\u00e9s \u00e0 t\u00e9ter ; p\u00e2leur intense des muqueuses ; retard de croissance, perte de poids, anorexie passag\u00e8re ; an\u00e9mie ; n\u00e9crose de la queue ou des pointes des oreilles, (chez les chatons survivant plus de deux semaines apr\u00e8s la naissance).<\/span><span>\u00a0<\/span><\/p>\n<p><span>Pour \u00e9viter ceci, en premier lieu la sant\u00e9 des chatons : enlever les chatons \u00e0 la naissance et biberonner pendant 24 heures environ (en partant du dernier n\u00e9) sur une couverture chauffante en isolant la m\u00e8re : un biberon toutes les deux heures environ ; au bout de 24 heures, remettre la m\u00e8re qui risque d&rsquo;avoir la mont\u00e9e de lait et pourra commencer \u00e0 nourrir ses petits sous notre oeil bienveillant.<\/span><br \/><span><\/span><\/p>\n<p><span>Donc en r\u00e9sum\u00e9, tout est possible, on dit qu&rsquo;il est mieux de marier une femelle B \u00e0 un m\u00e2le B et d&rsquo;obtenir de ce mariage des chatons B. De cette fa\u00e7on, la nature suit son cours et maman s&rsquo;occupe de tout.<\/span><\/p>\n<p><span>Le groupe sanguin\u00a0 n&rsquo;est pas une tare , nous devons simplement \u00eatre conscients du danger. De l&rsquo;importance de tester nos chats reproducteurs et \u00e9viter ce trouble, sinon biberonnage pour la sant\u00e9 de nos chatons est une obligation.<\/span><\/p>\n<p>[\/et_pb_text][dsm_icon_divider image=\u00a0\u00bbhttps:\/\/dragonflycats.com\/wp-content\/uploads\/2022\/05\/Logo_Libellule-e1652795262504.png\u00a0\u00bb image_max_width=\u00a0\u00bb21%\u00a0\u00bb color=\u00a0\u00bb#FFFFFF\u00a0\u00bb _builder_version=\u00a0\u00bb4.16&Prime; _module_preset=\u00a0\u00bbdefault\u00a0\u00bb global_colors_info=\u00a0\u00bb{}\u00a0\u00bb][\/dsm_icon_divider][\/et_pb_column][\/et_pb_row][\/et_pb_section]<\/p>\n","protected":false},"excerpt":{"rendered":"<p>Groupe sanguin chez le chat.Le groupe sanguin chez le chat n&rsquo;est pas un \u00e9l\u00e9ment \u00e0 n\u00e9gliger. C&rsquo;est pourquoi chez Dragonflycats nous avons pris le temps de l&rsquo;expliquer et de l&rsquo;illustrer. Le groupe sanguin n\u2019est pas une tare , il est simplement une caract\u00e9ristique, comme des yeux verts ou bleus.\u00a0Il existe trois groupes sanguins A, B &amp; AB <div class=\"et_pb_module dsm_icon_divider dsm_icon_divider_0\">\n\t\t\t\t\n\t\t\t\t\n\t\t\t\t\n\t\t\t\t\n\t\t\t\t\n\t\t\t\t\n\t\t\t\t<div class=\"et_pb_module_inner\">\n\t\t\t\t\t<div class=\"dsm-icon-divider-wrapper dsm-icon-divider-align-center\">\n\t\t\t\t\n\t\t\t\t\n\t\t\t\t<div class=\"dsm-icon-divider-before dsm-divider\"><\/div>\n\t\t\t\t<div class=\"dsm-icon-divider-image\"><span class=\"dsm-icon-divider-image-wrap\"><img decoding=\"async\" data-src=\"https:\/\/dragonflycats.com\/wp-content\/uploads\/2022\/05\/Logo_Libellule-e1652795262504.png\" alt=\"\" src=\"data:image\/svg+xml;base64,PHN2ZyB3aWR0aD0iMSIgaGVpZ2h0PSIxIiB4bWxucz0iaHR0cDovL3d3dy53My5vcmcvMjAwMC9zdmciPjwvc3ZnPg==\" class=\"lazyload\" style=\"--smush-placeholder-width: 100px; --smush-placeholder-aspect-ratio: 100\/88;\" \/><\/span><\/div>\n\t\t\t\t<div class=\"dsm-icon-divider-after dsm-divider\"><\/div>\n\t\t\t<\/div>\n\t\t\t\t<\/div>\n\t\t\t<\/div><div class=\"et_pb_module dsm_image_carousel dsm_image_carousel_0 dsm_image_carousel_arrow_outside dsm_image_carousel_arrow_mobile_inside \">\n\t\t\t\t\n\t\t\t\t\n\t\t\t\t\n\t\t\t\t\n\t\t\t\t\n\t\t\t\t\n\t\t\t\t<div class=\"et_pb_module_inner\">\n\t\t\t\t\t<div class=\"swiper-container dsm_image_carousel_container  dsm_image_carousel_carousel\" dir=\"ltr\"data-effect=\"default\"\n\t\t\tdata-slider-effect-shadows=\"false\"\n\t\t\tdata-slider-effect-coverflow-rotate=\"30\"\n\t\t\tdata-slider-effect-coverflow-depth=\"0\"\n\t\t\tdata-loop=\"true\"\n\t\t\tdata-slide-to-show=\"1\"\n\t\t\tdata-slide-to-show-tablet=\"1\"\n\t\t\tdata-slide-to-show-phone=\"1\"\n\t\t\tdata-slide-to-scroll=\"1\"\n\t\t\tdata-slide-to-scroll-tablet=\"1\"\n\t\t\tdata-slide-to-scroll-phone=\"1\"\n\t\t\tdata-space-between=\"19\"\n\t\t\tdata-space-between-tablet=\"19\"\n\t\t\tdata-space-between-phone=\"19\"\n\t\t\tdata-slide-row=\"1\"\n\t\t\tdata-centered-slides=\"false\"\n\t\t\tdata-speed=\"100\"\n\t\t\tdata-autoplay=\"false\"\n\t\t\tdata-autoplay-speed=\"3000\"\n\t\t\tdata-touch-move=\"true\"\n\t\t\tdata-grab=\"true\"\n\t\t\tdata-pause-on-hover=\"false\"\n\t\t\tdata-show-lightbox=\"false\"\n\t\t\tdata-lightbox-gallery=\"false\"\n\t\t\tdata-lightbox-caption=\"false\"\n\t\t\tdata-infinite-scrolling=\"false\"\n\t\t\tdata-slide-row-tablet=\"1\"\n\t\t\tdata-slide-row-phone=\"1\"\n\t\t\t\n\t\t\tdata-mousewheel=\"false\"\n\t\t\tdata-lazyload=\"false\"\n\t\t\tdata-type=\"carousel\"\n\t\t\tdata-slideshow-effect=\"default\"\n\t\t\tdata-slideshow-to-show=\"4\"\n\t\t\tdata-slideshow-to-show-tablet=\"4\"\n\t\t\tdata-slideshow-to-show-phone=\"\"\n\t\t\tdata-slider-orientation=\"horizontal\"\n\t\t\t\t\t\tdata-lightbox-title=\"false\"\n\n\t\t\t><div class=\"swiper-wrapper\"><div class=\"swiper-slide dsm_image_carousel_item\"><img decoding=\"async\" src=\"https:\/\/dragonflycats.com\/wp-content\/uploads\/2025\/08\/charte-groupe-sanguin.png\" alt=\"\" title=\"charte groupe sanguin\" width=\"1320\" height=\"1516\" data-dsm-image-description=\"\" srcset=\"https:\/\/dragonflycats.com\/wp-content\/uploads\/2025\/08\/charte-groupe-sanguin.png 1320w, https:\/\/dragonflycats.com\/wp-content\/uploads\/2025\/08\/charte-groupe-sanguin-1280x1470.png 1280w, https:\/\/dragonflycats.com\/wp-content\/uploads\/2025\/08\/charte-groupe-sanguin-980x1126.png 980w, https:\/\/dragonflycats.com\/wp-content\/uploads\/2025\/08\/charte-groupe-sanguin-480x551.png 480w\" sizes=\"(min-width: 0px) and (max-width: 480px) 480px, (min-width: 481px) and (max-width: 980px) 980px, (min-width: 981px) and (max-width: 1280px) 1280px, (min-width: 1281px) 1320px, 100vw\" class=\" skip-lazy\" \/><\/div><\/div><\/div><div class=\"swiper-button-prev swiper-arrow-button\" data-icon=\"4\"><\/div><div class=\"swiper-button-next swiper-arrow-button\" data-icon=\"5\"><\/div><div class=\"swiper-pagination\"><\/div>\n\t\t\t\t<\/div>\n\t\t\t<\/div>Petite pr\u00e9cision Un m\u00e2le de groupe B avec une chatte de groupe A, ne causera pas de soucis pour les chatons\u00a0 puisque ce n&rsquo;est pas le male qui passe les anticorps aux chatons. Cependant tout les chatons issues de ce mariage seront de groupe sanguin AB. L&rsquo;h\u00e9r\u00e9dit\u00e9 des groupes A et B ob\u00e9it aux lois h\u00e9r\u00e9ditaires de Mendel. Dont A est dominant par rapport \u00e0 B. AB provient de A+B mais forme un groupe sanguin distinct.Le syst\u00e8me AB s\u2019exprime \u00e0 travers deux groupes, le groupe A largement majoritaire chez les chats communs et le groupe B plus minoritaire (10% des chats \u00ab tout-venants \u00bb). La fr\u00e9quence des groupes A et B varie toutefois consid\u00e9rablement selon les zones g\u00e9ographiques, les \u00e9levages et les [&hellip;]<\/p>\n","protected":false},"author":4,"featured_media":0,"parent":0,"menu_order":0,"comment_status":"closed","ping_status":"closed","template":"","meta":{"_et_pb_use_builder":"on","_et_pb_old_content":"","_et_gb_content_width":"","footnotes":""},"class_list":["post-978","page","type-page","status-publish","hentry"],"yoast_head":"<!-- This site is optimized with the Yoast SEO Premium plugin v27.4 (Yoast SEO v27.4) - https:\/\/yoast.com\/product\/yoast-seo-premium-wordpress\/ -->\n<title>Groupe sanguin chez le DevonRex et le chat<\/title>\n<meta name=\"description\" content=\"Le Groupe sanguin chez le chat n&#039;est pas \u00e0 n\u00e9gliger pour certaines races telles que le Devon Rex chez DragonflyCats.\" \/>\n<meta name=\"robots\" content=\"index, follow, max-snippet:-1, max-image-preview:large, max-video-preview:-1\" \/>\n<link rel=\"canonical\" href=\"https:\/\/dragonflycats.com\/fr\/groupe-sanguin-chat\/\" \/>\n<meta property=\"og:locale\" content=\"fr_FR\" \/>\n<meta property=\"og:type\" content=\"article\" \/>\n<meta property=\"og:title\" content=\"\u2654 Groupe sanguin chez le Devon Rex et le Chat\" \/>\n<meta property=\"og:description\" content=\"Le Groupe sanguin chez le chat n&#039;est pas \u00e0 n\u00e9gliger pour certaines races telles que le Devon Rex chez DragonflyCats.\" \/>\n<meta property=\"og:url\" content=\"https:\/\/dragonflycats.com\/fr\/groupe-sanguin-chat\/\" \/>\n<meta property=\"og:site_name\" content=\"DragonFlyCats\" \/>\n<meta property=\"article:publisher\" content=\"https:\/\/www.facebook.com\/dragonflycats\/\" \/>\n<meta property=\"article:modified_time\" content=\"2025-08-19T17:07:21+00:00\" \/>\n<meta property=\"og:image\" content=\"https:\/\/dragonflycats.com\/wp-content\/uploads\/2020\/12\/moreno_6588-scaled.jpg\" \/>\n\t<meta property=\"og:image:width\" content=\"2560\" \/>\n\t<meta property=\"og:image:height\" content=\"1707\" \/>\n\t<meta property=\"og:image:type\" content=\"image\/jpeg\" \/>\n<meta name=\"twitter:card\" content=\"summary_large_image\" \/>\n<meta name=\"twitter:label1\" content=\"Dur\u00e9e de lecture estim\u00e9e\" \/>\n\t<meta name=\"twitter:data1\" content=\"4 minutes\" \/>\n<script type=\"application\/ld+json\" class=\"yoast-schema-graph\">{\"@context\":\"https:\\\/\\\/schema.org\",\"@graph\":[{\"@type\":\"WebPage\",\"@id\":\"https:\\\/\\\/dragonflycats.com\\\/fr\\\/groupe-sanguin-chat\\\/\",\"url\":\"https:\\\/\\\/dragonflycats.com\\\/fr\\\/groupe-sanguin-chat\\\/\",\"name\":\"Groupe sanguin chez le DevonRex et le chat\",\"isPartOf\":{\"@id\":\"https:\\\/\\\/dragonflycats.com\\\/fr\\\/#website\"},\"datePublished\":\"2020-10-17T17:33:32+00:00\",\"dateModified\":\"2025-08-19T17:07:21+00:00\",\"description\":\"Le Groupe sanguin chez le chat n'est pas \u00e0 n\u00e9gliger pour certaines races telles que le Devon Rex chez DragonflyCats.\",\"breadcrumb\":{\"@id\":\"https:\\\/\\\/dragonflycats.com\\\/fr\\\/groupe-sanguin-chat\\\/#breadcrumb\"},\"inLanguage\":\"fr-FR\",\"potentialAction\":[{\"@type\":\"ReadAction\",\"target\":[\"https:\\\/\\\/dragonflycats.com\\\/fr\\\/groupe-sanguin-chat\\\/\"]}]},{\"@type\":\"BreadcrumbList\",\"@id\":\"https:\\\/\\\/dragonflycats.com\\\/fr\\\/groupe-sanguin-chat\\\/#breadcrumb\",\"itemListElement\":[{\"@type\":\"ListItem\",\"position\":1,\"name\":\"Accueil\",\"item\":\"https:\\\/\\\/dragonflycats.com\\\/fr\\\/\"},{\"@type\":\"ListItem\",\"position\":2,\"name\":\"\u2654 Groupe sanguin chez le Devon Rex et le Chat\"}]},{\"@type\":\"WebSite\",\"@id\":\"https:\\\/\\\/dragonflycats.com\\\/fr\\\/#website\",\"url\":\"https:\\\/\\\/dragonflycats.com\\\/fr\\\/\",\"name\":\"DragonFlyCats\",\"description\":\"Devon Rex - Savannah F1 - Griffon Bruxellois\",\"publisher\":{\"@id\":\"https:\\\/\\\/dragonflycats.com\\\/fr\\\/#organization\"},\"potentialAction\":[{\"@type\":\"SearchAction\",\"target\":{\"@type\":\"EntryPoint\",\"urlTemplate\":\"https:\\\/\\\/dragonflycats.com\\\/fr\\\/?s={search_term_string}\"},\"query-input\":{\"@type\":\"PropertyValueSpecification\",\"valueRequired\":true,\"valueName\":\"search_term_string\"}}],\"inLanguage\":\"fr-FR\"},{\"@type\":\"Organization\",\"@id\":\"https:\\\/\\\/dragonflycats.com\\\/fr\\\/#organization\",\"name\":\"Dragonflycats\",\"url\":\"https:\\\/\\\/dragonflycats.com\\\/fr\\\/\",\"logo\":{\"@type\":\"ImageObject\",\"inLanguage\":\"fr-FR\",\"@id\":\"https:\\\/\\\/dragonflycats.com\\\/fr\\\/#\\\/schema\\\/logo\\\/image\\\/\",\"url\":\"https:\\\/\\\/i0.wp.com\\\/dragonflycats.com\\\/wp-content\\\/uploads\\\/2020\\\/08\\\/Logo-Dragonfly-cats-Black.png?fit=2560%2C1248&ssl=1\",\"contentUrl\":\"https:\\\/\\\/i0.wp.com\\\/dragonflycats.com\\\/wp-content\\\/uploads\\\/2020\\\/08\\\/Logo-Dragonfly-cats-Black.png?fit=2560%2C1248&ssl=1\",\"width\":2560,\"height\":1248,\"caption\":\"Dragonflycats\"},\"image\":{\"@id\":\"https:\\\/\\\/dragonflycats.com\\\/fr\\\/#\\\/schema\\\/logo\\\/image\\\/\"},\"sameAs\":[\"https:\\\/\\\/www.facebook.com\\\/dragonflycats\\\/\",\"https:\\\/\\\/www.instagram.com\\\/dragonflycats\\\/\"]}]}<\/script>\n<!-- \/ Yoast SEO Premium plugin. -->","yoast_head_json":{"title":"Groupe sanguin chez le DevonRex et le chat","description":"Le Groupe sanguin chez le chat n'est pas \u00e0 n\u00e9gliger pour certaines races telles que le Devon Rex chez DragonflyCats.","robots":{"index":"index","follow":"follow","max-snippet":"max-snippet:-1","max-image-preview":"max-image-preview:large","max-video-preview":"max-video-preview:-1"},"canonical":"https:\/\/dragonflycats.com\/fr\/groupe-sanguin-chat\/","og_locale":"fr_FR","og_type":"article","og_title":"\u2654 Groupe sanguin chez le Devon Rex et le Chat","og_description":"Le Groupe sanguin chez le chat n'est pas \u00e0 n\u00e9gliger pour certaines races telles que le Devon Rex chez DragonflyCats.","og_url":"https:\/\/dragonflycats.com\/fr\/groupe-sanguin-chat\/","og_site_name":"DragonFlyCats","article_publisher":"https:\/\/www.facebook.com\/dragonflycats\/","article_modified_time":"2025-08-19T17:07:21+00:00","og_image":[{"width":2560,"height":1707,"url":"https:\/\/dragonflycats.com\/wp-content\/uploads\/2020\/12\/moreno_6588-scaled.jpg","type":"image\/jpeg"}],"twitter_card":"summary_large_image","twitter_misc":{"Dur\u00e9e de lecture estim\u00e9e":"4 minutes"},"schema":{"@context":"https:\/\/schema.org","@graph":[{"@type":"WebPage","@id":"https:\/\/dragonflycats.com\/fr\/groupe-sanguin-chat\/","url":"https:\/\/dragonflycats.com\/fr\/groupe-sanguin-chat\/","name":"Groupe sanguin chez le DevonRex et le chat","isPartOf":{"@id":"https:\/\/dragonflycats.com\/fr\/#website"},"datePublished":"2020-10-17T17:33:32+00:00","dateModified":"2025-08-19T17:07:21+00:00","description":"Le Groupe sanguin chez le chat n'est pas \u00e0 n\u00e9gliger pour certaines races telles que le Devon Rex chez DragonflyCats.","breadcrumb":{"@id":"https:\/\/dragonflycats.com\/fr\/groupe-sanguin-chat\/#breadcrumb"},"inLanguage":"fr-FR","potentialAction":[{"@type":"ReadAction","target":["https:\/\/dragonflycats.com\/fr\/groupe-sanguin-chat\/"]}]},{"@type":"BreadcrumbList","@id":"https:\/\/dragonflycats.com\/fr\/groupe-sanguin-chat\/#breadcrumb","itemListElement":[{"@type":"ListItem","position":1,"name":"Accueil","item":"https:\/\/dragonflycats.com\/fr\/"},{"@type":"ListItem","position":2,"name":"\u2654 Groupe sanguin chez le Devon Rex et le Chat"}]},{"@type":"WebSite","@id":"https:\/\/dragonflycats.com\/fr\/#website","url":"https:\/\/dragonflycats.com\/fr\/","name":"DragonFlyCats","description":"Devon Rex - Savannah F1 - Griffon Bruxellois","publisher":{"@id":"https:\/\/dragonflycats.com\/fr\/#organization"},"potentialAction":[{"@type":"SearchAction","target":{"@type":"EntryPoint","urlTemplate":"https:\/\/dragonflycats.com\/fr\/?s={search_term_string}"},"query-input":{"@type":"PropertyValueSpecification","valueRequired":true,"valueName":"search_term_string"}}],"inLanguage":"fr-FR"},{"@type":"Organization","@id":"https:\/\/dragonflycats.com\/fr\/#organization","name":"Dragonflycats","url":"https:\/\/dragonflycats.com\/fr\/","logo":{"@type":"ImageObject","inLanguage":"fr-FR","@id":"https:\/\/dragonflycats.com\/fr\/#\/schema\/logo\/image\/","url":"https:\/\/i0.wp.com\/dragonflycats.com\/wp-content\/uploads\/2020\/08\/Logo-Dragonfly-cats-Black.png?fit=2560%2C1248&ssl=1","contentUrl":"https:\/\/i0.wp.com\/dragonflycats.com\/wp-content\/uploads\/2020\/08\/Logo-Dragonfly-cats-Black.png?fit=2560%2C1248&ssl=1","width":2560,"height":1248,"caption":"Dragonflycats"},"image":{"@id":"https:\/\/dragonflycats.com\/fr\/#\/schema\/logo\/image\/"},"sameAs":["https:\/\/www.facebook.com\/dragonflycats\/","https:\/\/www.instagram.com\/dragonflycats\/"]}]}},"_links":{"self":[{"href":"https:\/\/dragonflycats.com\/fr\/wp-json\/wp\/v2\/pages\/978","targetHints":{"allow":["GET"]}}],"collection":[{"href":"https:\/\/dragonflycats.com\/fr\/wp-json\/wp\/v2\/pages"}],"about":[{"href":"https:\/\/dragonflycats.com\/fr\/wp-json\/wp\/v2\/types\/page"}],"author":[{"embeddable":true,"href":"https:\/\/dragonflycats.com\/fr\/wp-json\/wp\/v2\/users\/4"}],"replies":[{"embeddable":true,"href":"https:\/\/dragonflycats.com\/fr\/wp-json\/wp\/v2\/comments?post=978"}],"version-history":[{"count":0,"href":"https:\/\/dragonflycats.com\/fr\/wp-json\/wp\/v2\/pages\/978\/revisions"}],"wp:attachment":[{"href":"https:\/\/dragonflycats.com\/fr\/wp-json\/wp\/v2\/media?parent=978"}],"curies":[{"name":"wp","href":"https:\/\/api.w.org\/{rel}","templated":true}]}}